{"id":110,"date":"2020-07-18T13:09:05","date_gmt":"2020-07-18T10:09:05","guid":{"rendered":"http:\/\/tarnita.ro\/wordpress\/?page_id=110"},"modified":"2025-05-26T22:02:56","modified_gmt":"2025-05-26T19:02:56","slug":"plaja","status":"publish","type":"page","link":"https:\/\/tarnita.ro\/wordpress\/plaja\/","title":{"rendered":"Plaj\u0103"},"content":{"rendered":"\n<p class=\"has-medium-font-size\"><strong>Acces la plaj\u0103 &#8211; 50 lei \/ persoan\u0103 \/ zi<\/strong><\/p>\n\n\n\n<p>Pute\u021bi veni \u0219i petrece ziua la noi la plaj\u0103. V\u0103 oferim \u0219ezlonguri cu saltea, ave\u021bi acces la gr\u0103tar \u0219i la un frigider \u0219i bine\u00een\u021beles, pute\u021bi face o baie \u00een lac.<\/p>\n\n\n\n<figure class=\"wp-block-image size-large\"><img loading=\"lazy\" decoding=\"async\" width=\"1000\" height=\"668\" src=\"https:\/\/tarnita.ro\/wordpress\/wp-content\/uploads\/2020\/07\/plaja.jpg\" alt=\"\" class=\"wp-image-111\" srcset=\"https:\/\/tarnita.ro\/wordpress\/wp-content\/uploads\/2020\/07\/plaja.jpg 1000w, https:\/\/tarnita.ro\/wordpress\/wp-content\/uploads\/2020\/07\/plaja-300x200.jpg 300w, https:\/\/tarnita.ro\/wordpress\/wp-content\/uploads\/2020\/07\/plaja-768x513.jpg 768w, https:\/\/tarnita.ro\/wordpress\/wp-content\/uploads\/2020\/07\/plaja-449x300.jpg 449w\" sizes=\"auto, (max-width: 1000px) 100vw, 1000px\" \/><\/figure>\n\n\n\n<p>Deasemenea pute\u021bi \u00eenchiria caiace de la noi. Pentru navigatori cu experien\u021b\u0103, avem la dispozi\u021bie iole.<\/p>\n\n\n\n<p class=\"has-medium-font-size\"><strong>Reguli la plaj\u0103<\/strong><\/p>\n\n\n\n<ul class=\"wp-block-list\">\n<li>folosi\u021bi un prosop pe saltele \u0219i p\u0103stra\u021bi-le curate<\/li>\n\n\n\n<li>\u021bine\u021bi cont de ceilal\u021bi oaspe\u021bi, asculta\u021bi muzic\u0103 la volum minim<\/li>\n\n\n\n<li>duce\u021bi gunoiul acas\u0103<\/li>\n<\/ul>\n\n\n\n<p><\/p>\n\n\n\n<p>Pentru zilele de s\u00e2mb\u0103t\u0103 \u0219i duminic\u0103 sau zilele de s\u0103rb\u0103toare din iulie \u0219i august este nevoie de rezervare prealabil\u0103 la plaj\u0103 &#8211; trimite\u021bi un mesaj pe whatsapp cu numele, num\u0103rul de persoane \u0219i ziua \u0219i a\u0219tepta\u021bi confirmarea.<\/p>\n\n\n\n<p>*  Dac\u0103 veni\u021bi \u00een grup mai mare de 4 persoane, v\u0103 rog s\u0103 ne contacta\u021bi \u0219i s\u0103 face\u021bi o rezervare.<\/p>\n\n\n\n<p>** Suna\u021bi \u00eenainte s\u0103 cobor\u00e2\u021bi cu ma\u0219ina pentru a v\u0103 asigura c\u0103 mai avem locuri de parcare.<\/p>\n\n\n\n<p>*** v\u0103 rug\u0103m s\u0103 duce\u021bi gunoiul acas\u0103! Nu este serviciu de salubritate la Tarnita!<\/p>\n","protected":false},"excerpt":{"rendered":"<p>Acces la plaj\u0103 &#8211; 50 lei \/ persoan\u0103 \/ zi Pute\u021bi veni \u0219i petrece ziua la noi la plaj\u0103. V\u0103 oferim \u0219ezlonguri cu saltea, ave\u021bi acces la gr\u0103tar \u0219i la un frigider \u0219i bine\u00een\u021beles, pute\u021bi face o baie \u00een lac. &hellip; <a href=\"https:\/\/tarnita.ro\/wordpress\/plaja\/\">Continue reading <span class=\"meta-nav\">&rarr;<\/span><\/a><\/p>\n","protected":false},"author":1,"featured_media":0,"parent":0,"menu_order":0,"comment_status":"closed","ping_status":"closed","template":"","meta":{"footnotes":""},"class_list":["post-110","page","type-page","status-publish","hentry"],"_links":{"self":[{"href":"https:\/\/tarnita.ro\/wordpress\/wp-json\/wp\/v2\/pages\/110","targetHints":{"allow":["GET"]}}],"collection":[{"href":"https:\/\/tarnita.ro\/wordpress\/wp-json\/wp\/v2\/pages"}],"about":[{"href":"https:\/\/tarnita.ro\/wordpress\/wp-json\/wp\/v2\/types\/page"}],"author":[{"embeddable":true,"href":"https:\/\/tarnita.ro\/wordpress\/wp-json\/wp\/v2\/users\/1"}],"replies":[{"embeddable":true,"href":"https:\/\/tarnita.ro\/wordpress\/wp-json\/wp\/v2\/comments?post=110"}],"version-history":[{"count":8,"href":"https:\/\/tarnita.ro\/wordpress\/wp-json\/wp\/v2\/pages\/110\/revisions"}],"predecessor-version":[{"id":400,"href":"https:\/\/tarnita.ro\/wordpress\/wp-json\/wp\/v2\/pages\/110\/revisions\/400"}],"wp:attachment":[{"href":"https:\/\/tarnita.ro\/wordpress\/wp-json\/wp\/v2\/media?parent=110"}],"curies":[{"name":"wp","href":"https:\/\/api.w.org\/{rel}","templated":true}]}}