{"id":163,"date":"2020-08-14T10:23:11","date_gmt":"2020-08-14T07:23:11","guid":{"rendered":"http:\/\/tarnita.ro\/wordpress\/?page_id=163"},"modified":"2025-05-26T22:47:06","modified_gmt":"2025-05-26T19:47:06","slug":"stand-up-paddle-sup","status":"publish","type":"page","link":"https:\/\/tarnita.ro\/wordpress\/stand-up-paddle-sup\/","title":{"rendered":"Stand Up Paddle &#8211; SUP"},"content":{"rendered":"\n<figure class=\"wp-block-image size-large\"><img loading=\"lazy\" decoding=\"async\" width=\"871\" height=\"1024\" src=\"https:\/\/tarnita.ro\/wordpress\/wp-content\/uploads\/2025\/05\/sup-pentru-pagina-871x1024.jpg\" alt=\"\" class=\"wp-image-393\" srcset=\"https:\/\/tarnita.ro\/wordpress\/wp-content\/uploads\/2025\/05\/sup-pentru-pagina-871x1024.jpg 871w, https:\/\/tarnita.ro\/wordpress\/wp-content\/uploads\/2025\/05\/sup-pentru-pagina-255x300.jpg 255w, https:\/\/tarnita.ro\/wordpress\/wp-content\/uploads\/2025\/05\/sup-pentru-pagina-768x902.jpg 768w, https:\/\/tarnita.ro\/wordpress\/wp-content\/uploads\/2025\/05\/sup-pentru-pagina-1307x1536.jpg 1307w, https:\/\/tarnita.ro\/wordpress\/wp-content\/uploads\/2025\/05\/sup-pentru-pagina-1743x2048.jpg 1743w, https:\/\/tarnita.ro\/wordpress\/wp-content\/uploads\/2025\/05\/sup-pentru-pagina.jpg 1942w\" sizes=\"auto, (max-width: 871px) 100vw, 871px\" \/><\/figure>\n\n\n\n<p>Yachting Club Tarnita are 31 de SUPuri TAHE de diverse modeluri. Toate SUPurile noastre sunt rigide, oferind mai mult\u0103 stabilitate \u0219i calit\u0103\u021bi hidrodinamice superioare.<\/p>\n\n\n\n<p class=\"has-medium-font-size\"><strong>SIC Sonic 12\u20196\u201d Art Red<\/strong> <strong>&#8211; 60 lei \/ or\u0103<\/strong><\/p>\n\n\n\n<p class=\"has-medium-font-size\"><strong>Disponibilitate: 4 buc\u0103\u021bi<\/strong><\/p>\n\n\n\n<p>Cele mai rapide \u0219i hidrodinamice stand up paddleuri ale noastre. De curs\u0103!<\/p>\n\n\n\n<figure class=\"wp-block-image size-full\"><img loading=\"lazy\" decoding=\"async\" width=\"993\" height=\"627\" src=\"https:\/\/tarnita.ro\/wordpress\/wp-content\/uploads\/2025\/05\/sicsonic-1.jpg\" alt=\"\" class=\"wp-image-396\" srcset=\"https:\/\/tarnita.ro\/wordpress\/wp-content\/uploads\/2025\/05\/sicsonic-1.jpg 993w, https:\/\/tarnita.ro\/wordpress\/wp-content\/uploads\/2025\/05\/sicsonic-1-300x189.jpg 300w, https:\/\/tarnita.ro\/wordpress\/wp-content\/uploads\/2025\/05\/sicsonic-1-768x485.jpg 768w, https:\/\/tarnita.ro\/wordpress\/wp-content\/uploads\/2025\/05\/sicsonic-1-475x300.jpg 475w\" sizes=\"auto, (max-width: 993px) 100vw, 993px\" \/><\/figure>\n\n\n\n<p class=\"has-medium-font-size\"><strong>PERFORMER BREEZE 11\u20196\u201d<\/strong> <strong>&#8211; 50 lei \/ or\u0103<\/strong><\/p>\n\n\n\n<p class=\"has-medium-font-size\"><strong>Disponibilitate: 10 buc\u0103\u021bi<\/strong><\/p>\n\n\n\n<p>Cele mai mari \u0219i stabile stand up paddleuri ale noastre. Po\u021bi duce copilul \u00een fa\u021b\u0103!<\/p>\n\n\n\n<figure class=\"wp-block-image size-full\"><img loading=\"lazy\" decoding=\"async\" width=\"700\" height=\"438\" src=\"https:\/\/tarnita.ro\/wordpress\/wp-content\/uploads\/2023\/01\/SUPperformerbreeze116.jpg\" alt=\"\" class=\"wp-image-283\" srcset=\"https:\/\/tarnita.ro\/wordpress\/wp-content\/uploads\/2023\/01\/SUPperformerbreeze116.jpg 700w, https:\/\/tarnita.ro\/wordpress\/wp-content\/uploads\/2023\/01\/SUPperformerbreeze116-300x188.jpg 300w, https:\/\/tarnita.ro\/wordpress\/wp-content\/uploads\/2023\/01\/SUPperformerbreeze116-479x300.jpg 479w\" sizes=\"auto, (max-width: 700px) 100vw, 700px\" \/><\/figure>\n\n\n\n<p class=\"has-medium-font-size\"><strong>SUP 10&#8217;6 Tao Surf TT &#8211; 50 lei \/ or\u0103<\/strong><\/p>\n\n\n\n<p class=\"has-medium-font-size\"><strong>Disponibilitate: 9 buc\u0103\u021bi<\/strong><\/p>\n\n\n\n<p>Supurile noastre sunt pl\u0103ci stabile, bune at\u00e2t pentru \u00eencep\u0103tori c\u00e2t \u0219i pentru avansa\u021bi<\/p>\n\n\n\n<figure class=\"wp-block-image size-large\"><img loading=\"lazy\" decoding=\"async\" width=\"1024\" height=\"427\" src=\"https:\/\/tarnita.ro\/wordpress\/wp-content\/uploads\/2020\/08\/SUP.jpg\" alt=\"SUP stand up paddle Tarnita\" class=\"wp-image-164\" srcset=\"https:\/\/tarnita.ro\/wordpress\/wp-content\/uploads\/2020\/08\/SUP.jpg 1024w, https:\/\/tarnita.ro\/wordpress\/wp-content\/uploads\/2020\/08\/SUP-300x125.jpg 300w, https:\/\/tarnita.ro\/wordpress\/wp-content\/uploads\/2020\/08\/SUP-768x320.jpg 768w, https:\/\/tarnita.ro\/wordpress\/wp-content\/uploads\/2020\/08\/SUP-500x208.jpg 500w\" sizes=\"auto, (max-width: 1024px) 100vw, 1024px\" \/><\/figure>\n\n\n\n<figure class=\"wp-block-image size-large\"><img loading=\"lazy\" decoding=\"async\" width=\"1000\" height=\"668\" src=\"https:\/\/tarnita.ro\/wordpress\/wp-content\/uploads\/2020\/08\/SUPfete.jpg\" alt=\"\" class=\"wp-image-167\" srcset=\"https:\/\/tarnita.ro\/wordpress\/wp-content\/uploads\/2020\/08\/SUPfete.jpg 1000w, https:\/\/tarnita.ro\/wordpress\/wp-content\/uploads\/2020\/08\/SUPfete-300x200.jpg 300w, https:\/\/tarnita.ro\/wordpress\/wp-content\/uploads\/2020\/08\/SUPfete-768x513.jpg 768w, https:\/\/tarnita.ro\/wordpress\/wp-content\/uploads\/2020\/08\/SUPfete-449x300.jpg 449w\" sizes=\"auto, (max-width: 1000px) 100vw, 1000px\" \/><\/figure>\n\n\n\n<figure class=\"wp-block-image size-large\"><img loading=\"lazy\" decoding=\"async\" width=\"768\" height=\"1024\" src=\"https:\/\/tarnita.ro\/wordpress\/wp-content\/uploads\/2020\/08\/SUPnou-768x1024.jpeg\" alt=\"\" class=\"wp-image-178\" srcset=\"https:\/\/tarnita.ro\/wordpress\/wp-content\/uploads\/2020\/08\/SUPnou-768x1024.jpeg 768w, https:\/\/tarnita.ro\/wordpress\/wp-content\/uploads\/2020\/08\/SUPnou-225x300.jpeg 225w, https:\/\/tarnita.ro\/wordpress\/wp-content\/uploads\/2020\/08\/SUPnou-1152x1536.jpeg 1152w, https:\/\/tarnita.ro\/wordpress\/wp-content\/uploads\/2020\/08\/SUPnou.jpeg 1200w\" sizes=\"auto, (max-width: 768px) 100vw, 768px\" \/><\/figure>\n\n\n\n<p class=\"has-medium-font-size\"><strong>SUP TAO FIT 11&#8217;0&#8221; X 34.0&#8221;- 50 lei \/ or\u0103<\/strong><\/p>\n\n\n\n<p class=\"has-medium-font-size\"><strong>Disponibilitate: 2 buc\u0103\u021bi<\/strong><\/p>\n\n\n\n<p>Aceste pl\u0103ci sunt mai mari \u0219i stabile, bune pentru \u00eencep\u0103tori, persoane mai mari sau pentru un p\u0103rinte cu copil.<\/p>\n\n\n\n<figure class=\"wp-block-image size-large\"><img loading=\"lazy\" decoding=\"async\" width=\"813\" height=\"612\" src=\"https:\/\/tarnita.ro\/wordpress\/wp-content\/uploads\/2021\/07\/SUP11.jpg\" alt=\"\" class=\"wp-image-227\" srcset=\"https:\/\/tarnita.ro\/wordpress\/wp-content\/uploads\/2021\/07\/SUP11.jpg 813w, https:\/\/tarnita.ro\/wordpress\/wp-content\/uploads\/2021\/07\/SUP11-300x226.jpg 300w, https:\/\/tarnita.ro\/wordpress\/wp-content\/uploads\/2021\/07\/SUP11-768x578.jpg 768w, https:\/\/tarnita.ro\/wordpress\/wp-content\/uploads\/2021\/07\/SUP11-399x300.jpg 399w\" sizes=\"auto, (max-width: 813px) 100vw, 813px\" \/><\/figure>\n\n\n\n<p class=\"has-medium-font-size\"><strong>TAO SURF 10&#8217;6&#8221; X 31.5&#8221;- 50 lei \/ or\u0103<\/strong><\/p>\n\n\n\n<p class=\"has-medium-font-size\"><strong>Disponibilitate: 3 buc\u0103\u021bi<\/strong><\/p>\n\n\n\n<p>Aceste pl\u0103ci sunt perfecte pentru copii sau adul\u021bi. N-avem noi valuri de surf la Tarni\u021ba, dar dac\u0103 am avea, cu pl\u0103cile astea ne-am da pe ele.<\/p>\n\n\n\n<figure class=\"wp-block-image size-large\"><img loading=\"lazy\" decoding=\"async\" width=\"700\" height=\"496\" src=\"https:\/\/tarnita.ro\/wordpress\/wp-content\/uploads\/2021\/07\/TAO-Surf-106.jpg\" alt=\"\" class=\"wp-image-229\" srcset=\"https:\/\/tarnita.ro\/wordpress\/wp-content\/uploads\/2021\/07\/TAO-Surf-106.jpg 700w, https:\/\/tarnita.ro\/wordpress\/wp-content\/uploads\/2021\/07\/TAO-Surf-106-300x213.jpg 300w, https:\/\/tarnita.ro\/wordpress\/wp-content\/uploads\/2021\/07\/TAO-Surf-106-423x300.jpg 423w\" sizes=\"auto, (max-width: 700px) 100vw, 700px\" \/><\/figure>\n\n\n\n<p class=\"has-medium-font-size\"><strong>TAO SURF 11&#8217;6&#8221; X 32.5&#8221;- 50 lei \/ or\u0103<\/strong><\/p>\n\n\n\n<p class=\"has-medium-font-size\"><strong>Disponibilitate: 3 buc\u0103\u021bi<\/strong><\/p>\n\n\n\n<p>Aceste pl\u0103ci sunt preferatele noastre!!! Mari, stabile, hidrodinamice. Po\u021bi duce copilul \u00een fa\u021b\u0103!<\/p>\n\n\n\n<figure class=\"wp-block-image size-full\"><img loading=\"lazy\" decoding=\"async\" width=\"700\" height=\"484\" src=\"https:\/\/tarnita.ro\/wordpress\/wp-content\/uploads\/2023\/01\/TAO-Surf-116.jpg\" alt=\"\" class=\"wp-image-282\" srcset=\"https:\/\/tarnita.ro\/wordpress\/wp-content\/uploads\/2023\/01\/TAO-Surf-116.jpg 700w, https:\/\/tarnita.ro\/wordpress\/wp-content\/uploads\/2023\/01\/TAO-Surf-116-300x207.jpg 300w, https:\/\/tarnita.ro\/wordpress\/wp-content\/uploads\/2023\/01\/TAO-Surf-116-434x300.jpg 434w\" sizes=\"auto, (max-width: 700px) 100vw, 700px\" \/><\/figure>\n","protected":false},"excerpt":{"rendered":"<p>Yachting Club Tarnita are 31 de SUPuri TAHE de diverse modeluri. Toate SUPurile noastre sunt rigide, oferind mai mult\u0103 stabilitate \u0219i calit\u0103\u021bi hidrodinamice superioare. SIC Sonic 12\u20196\u201d Art Red &#8211; 60 lei \/ or\u0103 Disponibilitate: 4 buc\u0103\u021bi Cele mai rapide &hellip; <a href=\"https:\/\/tarnita.ro\/wordpress\/stand-up-paddle-sup\/\">Continue reading <span class=\"meta-nav\">&rarr;<\/span><\/a><\/p>\n","protected":false},"author":1,"featured_media":0,"parent":0,"menu_order":0,"comment_status":"closed","ping_status":"closed","template":"","meta":{"footnotes":""},"class_list":["post-163","page","type-page","status-publish","hentry"],"_links":{"self":[{"href":"https:\/\/tarnita.ro\/wordpress\/wp-json\/wp\/v2\/pages\/163","targetHints":{"allow":["GET"]}}],"collection":[{"href":"https:\/\/tarnita.ro\/wordpress\/wp-json\/wp\/v2\/pages"}],"about":[{"href":"https:\/\/tarnita.ro\/wordpress\/wp-json\/wp\/v2\/types\/page"}],"author":[{"embeddable":true,"href":"https:\/\/tarnita.ro\/wordpress\/wp-json\/wp\/v2\/users\/1"}],"replies":[{"embeddable":true,"href":"https:\/\/tarnita.ro\/wordpress\/wp-json\/wp\/v2\/comments?post=163"}],"version-history":[{"count":15,"href":"https:\/\/tarnita.ro\/wordpress\/wp-json\/wp\/v2\/pages\/163\/revisions"}],"predecessor-version":[{"id":397,"href":"https:\/\/tarnita.ro\/wordpress\/wp-json\/wp\/v2\/pages\/163\/revisions\/397"}],"wp:attachment":[{"href":"https:\/\/tarnita.ro\/wordpress\/wp-json\/wp\/v2\/media?parent=163"}],"curies":[{"name":"wp","href":"https:\/\/api.w.org\/{rel}","templated":true}]}}