{"id":238,"date":"2021-08-24T16:40:21","date_gmt":"2021-08-24T13:40:21","guid":{"rendered":"http:\/\/tarnita.ro\/wordpress\/?page_id=238"},"modified":"2022-04-20T01:11:07","modified_gmt":"2022-04-19T22:11:07","slug":"conditii-generale-de-contractare-a-serviciilor","status":"publish","type":"page","link":"https:\/\/tarnita.ro\/wordpress\/conditii-generale-de-contractare-a-serviciilor\/","title":{"rendered":"Condi\u021bii generale"},"content":{"rendered":"\n<p><strong>Condi\u021bii generale de contractare a serviciilor<\/strong><\/p>\n\n\n\n<ol class=\"wp-block-list\" type=\"1\"><li>Oferta curent\u0103 (pre\u021buri \u0219i disponibilit\u0103\u021bi) este cea prezentat\u0103 pe site-ul <a href=\"http:\/\/www.tarnita.ro\/\">www.tarnita.ro<\/a>,&nbsp; cu detalii \u0219i prezent\u0103ri pe platformele de socializare: <a href=\"https:\/\/www.facebook.com\/yachtingclubtarnita\">https:\/\/www.facebook.com\/yachtingclubtarnita<\/a>&nbsp; <a href=\"https:\/\/www.instagram.com\/yachtingclubtarnita\/\">https:\/\/www.instagram.com\/yachtingclubtarnita\/<\/a><\/li><li>Locul prest\u0103rii serviciilor este Yachting Club Tarnita, Plaja 1, Lacul Tarni\u021ba, 407310, Romania\u2013 jude\u021bul Cluj <a href=\"https:\/\/goo.gl\/maps\/faBBEUbeAdoqjXvAA\">https:\/\/goo.gl\/maps\/faBBEUbeAdoqjXvAA<\/a><\/li><li>Pentru evenimente sau grupuri se poate face, \u00een func\u021bie de disponibilitate, o rezervare sens \u00een care ne pute\u021bi contacta pentru detalii la adresa de email contact@tarnita.ro, prin intermediul facebook messenger, instagram, whatsapp, sau prin prezentare direct\u0103 la loca\u021bie, conform indica\u021biilor de pe site \u0219i platformele social media men\u021bionate la pct.1. Pentru aloc\u0103ri importante de resurse de agrement \u00een condi\u021bii de cerere sporit\u0103, prestatorul este \u00een drept s\u0103 solicite plata serviciilor \u00een avans, sau o plat\u0103 par\u021bial\u0103, prin intermediul unui instrument de plat\u0103 la distan\u021b\u0103 sau prin virament.<\/li><li>Contractarea serviciilor de \u00eenchiriere ambarca\u021biuni \u0219i echipamente conexe se face prin intermediul formularului disponibil pe site-ul <a href=\"http:\/\/www.tarnita.ro\">www.tarnita.ro<\/a> sau pus la dispozi\u021bie la loca\u021bie, formular redat \u00een ANEX\u0102 \u0219i care include un minim de date de identificare a fiec\u0103rui utilizator \u0219i o declara\u021bie pe proprie r\u0103spundere ce vizeaz\u0103 confirmarea \u00een\u021belegerii \u0219i accept\u0103rii prezentelor condi\u021bii generale, luarea la cuno\u0219tin\u021b\u0103 a inform\u0103rii privind prelucrarea datelor cu caracter personal (GDPR), formularul completat \u0219i semnat constituind \u00eencheierea unui contract de adeziune \u00eentre dumneavoastr\u0103 \u0219i Yachting Club Tarni\u021ba SRL<\/li><li>Pentru contractarea celorlalte servicii oferite de noi (loc de plaj\u0103 \/ \u0219ezlong, produse de la bar) \u00eencheierea contractului de adeziune se face \u00een mod implicit prin solicitarea \u0219i achitarea respectivului serviciu, f\u0103r\u0103 necesitatea declin\u0103rii datelor dvs. de identificare \u0219i contact \u0219i f\u0103r\u0103 \u00eentocmirea unei forme scrise a contractului.<\/li><li>Loca\u021bia este supravegheat\u0103 video, informarea GDPR \u00een acest sens (prelucrarea acestor date cu caracter personal) se g\u0103sesc afi\u0219a\u021bi la loca\u021bie precum \u0219i pe site-ul <a href=\"http:\/\/www.tarnita.ro\/\">www.tarnita.ro<\/a><\/li><li>Clien\u021bii sunt servi\u021bi \u00een ordinea sosirii, cu excep\u021bia grupurilor sau altor cazuri speciale pentru care s-a f\u0103cut rezervare.<\/li><li>Plata integral\u0103 a serviciilor contractate este \u00eentotdeauna datorat\u0103 la plat\u0103 de c\u0103tre client \u00eenainte de p\u0103r\u0103sirea loca\u021biei.<\/li><li>Prestatorul este \u00een drept s\u0103 suspende serviciile, iar \u00een caz de rezervare, s\u0103 ofere o reprogramare, sau s\u0103 ofere presta\u021bii alternative, dac\u0103 echipamentele sunt indisponibile din motive obiective (avarii) sau dac\u0103 condi\u021biile meteo nu permit desf\u0103\u0219urarea activit\u0103\u021bilor de agrement solicitate sau dac\u0103 prestatorul anticipeaz\u0103 rezonabil riscuri semnificative \u00een exploatare de c\u0103tre utilizatori. Pl\u0103\u021bile \u00een avans vor fi stornate sau re\u021binute tot ca avans pentru eventuale reprogram\u0103ri.<\/li><li>Clien\u021bii care au efectuat rezerv\u0103ri cu mai pu\u021bin de 3 zile \u00eenainte de data programat\u0103 a vizitei nu pot solicita anularea rezerv\u0103rii \u0219i stornarea integral\u0103 a sumelor pl\u0103tite \u00een avans din motive de instabilitate meteorologic\u0103, \u00eentruc\u00e2t vremea se prezum\u0103 a fi rezonabil predictibil\u0103 pe intervale mai mici de 3 zile, iar realocarea resurselor c\u0103tre al\u021bi clien\u021bi este incert\u0103. Cu toate acestea, prestatorul are libertatea s\u0103 returneze orice \u00eencas\u0103ri \u00een avans sau s\u0103 oferteze reprogram\u0103ri \u00een toate cazurile \u0219i pentru toate situa\u021biile.<\/li><li>\u00cen caz de accidente sau incidente, prestatorul va fi \u00een drept s\u0103 solicite datele de identificare ale tuturor persoanelor implicate sau ale martorilor.<\/li><li>P\u0103rintele sau adultul care r\u0103spunde legal de minor trebuie s\u0103 asigure supravegherea acestuia \u0219i r\u0103spunde pentru siguran\u021ba \u0219i faptele minorului, conform legii.<\/li><li>Prestatorul nu r\u0103spunde pentru bunurile pierdute, defectate sau deteriorate \u00een cursul activit\u0103\u021bilor de agrement la loca\u021bie, respectiv \u00een timpul utiliz\u0103rii echipamentelor \u00eenchiriate, cu excep\u021bia cazului \u00een care se dovede\u0219te o inten\u021bie sau culp\u0103 grav\u0103 a acestuia.<\/li><\/ol>\n\n\n\n<p><\/p>\n\n\n\n<p><\/p>\n\n\n\n<h2 class=\"wp-block-heading\"><strong>ANEX\u0102:<\/strong> Textul <strong>formularului de \u00eenchiriere ambarca\u021biuni \u0219i echipamente conexe<\/strong><\/h2>\n\n\n\n<ul class=\"wp-block-list\"><li>Subsemnatul:<\/li><\/ul>\n\n\n\n<ul class=\"wp-block-list\"><li>Nume de familie \u0219i prenume: ____________________________, CNP:_______________,<\/li><\/ul>\n\n\n\n<ul class=\"wp-block-list\"><li>Declar c\u0103 am luat la cuno\u0219tin\u021b\u0103, am \u00een\u021beles \u0219i accept termenii contractuali ai Yachting Club Tarnita SRL care se g\u0103sesc afi\u0219a\u021bi la loca\u021bie precum \u0219i pe site-ul <a href=\"http:\/\/www.tarnita.ro\/\">www.tarnita.ro<\/a> pentru \u00eenchirierea de ambarca\u021biuni de agrement <a>de la <\/a>Yachting Club Tarnita SRL, at\u00e2t condi\u021biile generale c\u00e2t \u0219i cele specifice pentru ambarca\u021biunile \u00eenchiriate, \u0219i anume ________________________________________________________________________<ul><li>Recunosc c\u0103 am fost instruit \u00een utilizarea ambarca\u021biunii, a accesoriilor specifice \u0219i a tehnicilor de naviga\u021bie \u0219i mi-au fost prezentate m\u0103surile de siguran\u021b\u0103 specifice acestei activit\u0103\u021bi.<\/li><\/ul><ul><li>Declar \u0219i garantez ca sunt apt din punct de vedere fizic \u0219i psihic pentru aceast\u0103 activitate, c\u0103 nu am cuno\u0219tin\u021b\u0103 de nicio afec\u021biune fizic\u0103 sau psihic\u0103 ce m-ar putea \u00eempiedica s\u0103 folosesc o ambarca\u021biune \u00eentr-un mod care nu pune \u00een pericol siguran\u021ba mea sau a altor persoane sau bunuri. M\u0103 oblig s\u0103 aduc la cuno\u0219tin\u021ba personalului Yachting Club Tarnita SRL faptul c\u0103 suf\u0103r de o anumit\u0103 afec\u021biune fizic\u0103 sau psihic\u0103 sau dac\u0103 mi-a fost administrat un medicament care \u00eemi poate afecta starea psihic\u0103 sau abilitatea \u0219i care ar putea afecta capacitatea mea de folosire a ambarca\u021biunii sau siguran\u021ba altor persoane. Accept c\u0103 reprezentan\u021bii prestatorului m\u0103 pot rechema la mal (sonor, vizual, sau telefonic) sau m\u0103 pot \u00eenl\u0103tura de pe echipamentul de agrement \u0219i\/sau din baza de agrement, \u00een cazul \u00een care identific\u0103 poten\u021biale riscuri \u00een exploatare.<\/li><li>Declar \u0219i garantez c\u0103 nu m\u0103 aflu sub influen\u021ba alcoolului sau a consumului de droguri sau de alte substan\u021be psihoactive a c\u0103ror consum este interzis de lege la momentul semn\u0103rii prezentei declara\u021bii \u0219i \u00een\u021beleg \u0219i garantez c\u0103 nu voi consuma astfel de produse \u00een niciun moment pe \u00eentreaga durat\u0103 a utiliz\u0103rii ambarca\u021biunii.<\/li><\/ul><ul><li>\u00cen\u021beleg \u0219i recunosc faptul c\u0103 utilizarea necorespunz\u0103toare a ambarca\u021biunii \u0219i echipamentelor conexe m\u0103 expune la poten\u021biale riscuri de accidentare ce-mi pot afecta integritatea fizic\u0103 sau pierderea sau deteriorarea unor bunuri, \u0219i c\u0103 riscurile nu pot fi complet eliminate ci doar mult diminuate prin pruden\u021b\u0103 \u0219i respectarea regulilor comunicate.<\/li><\/ul><ul><li>\u00cen\u021beleg \u0219i accept c\u0103 este obligatorie purtarea vestei de salvare \u00een timpul utiliz\u0103rii ambarca\u021biunii chiar \u0219i pentru persoanele care \u00eenoat\u0103 bine.<\/li><\/ul><ul><li>Am fost informat c\u0103 \u00een timpul utiliz\u0103rii ambarca\u021biunii \u00een zone care se afl\u0103 \u00een afara razei vizuale sau auditive fa\u021b\u0103 de debarcaderul de pornire se recomand\u0103 s\u0103 am asupra mea telefonul mobil asigurat cu o hus\u0103 flotant\u0103 impermeabil\u0103, c\u0103 acesta func\u021bioneaz\u0103 \u0219i am salvat numerele afi\u0219ate, publice \u0219i private, pentru a putea apela la ajutor \u00een caz de nevoie. Declar c\u0103 mi s-a subliniat c\u0103 aceast\u0103 recomandare este valabil\u0103 \u0219i \u00een cazul \u00een care plec \u00eentr-un grup de mai multe ambarca\u021biuni deoarece se poate ajunge la desp\u0103r\u021biri neprogramate. Am luat act c\u0103 pe suprafa\u021ba lacului Tarni\u021ba exist\u0103 zone lipsite par\u021bial sau total de semnal de telefonie mobil\u0103 \u0219i c\u0103 acest fapt poate conduce la \u00eent\u00e2rzierea unei eventuale interven\u021bii a echipajelor de urgen\u021b\u0103. Am \u00een\u021beles prin ce semnale acustice \u0219i vizuale alternative pot apela la ajutor, din partea prestatorului sau a altor participan\u021bi la agrement \u0219i cum \u0219i \u00een ce limite pot eu \u00eensumi oferi altora asisten\u021b\u0103.<\/li><\/ul><ul><li>Recunosc \u0219i garantez c\u0103 voi respecta \u00eentocmai instruc\u021biunile primite. \u00cen\u021beleg \u0219i recunosc c\u0103 orice comportament diferit de cel expus poate conduce la survenirea unor accidente care pot periclita integritatea mea fizic\u0103, integritatea fizic\u0103 a altor persoane sau pot cauza daune materiale.<\/li><\/ul><ul><li>\u00cen\u021beleg \u0219i recunosc c\u0103 prestatorul Yachting Club Tarnita SRL nu va fi \u021binut r\u0103spunz\u0103tor pentru v\u0103t\u0103m\u0103rile corporale suferite de c\u0103tre mine sau pentru prejudiciile aduse altora sau bunurilor proprii sau ale altora, \u00een cazul folosirii ambarca\u021biunii de agrement \u00een mod necorespunz\u0103tor, riscant sau neconform cu instruc\u021biunile, cu excep\u021bia cazului in care v\u0103t\u0103m\u0103rile sunt consecin\u021ba direct\u0103 a ac\u021biunilor, inac\u021biunilor sau instruc\u021biunilor angaja\u021bilor Yachting Club Tarnita SRL, s\u0103v\u00e2r\u0219ite cu inten\u021bie sau din neglijen\u021b\u0103 grav\u0103. \u00cen\u021beleg \u0219i recunosc c\u0103 prestatorul depune diligen\u021be pentru prevenirea riscurilor, prin verificarea continu\u0103 a func\u021bion\u0103rii echipamentelor.<\/li><\/ul><ul><li>\u00cen\u021beleg c\u0103 este necesar\u0103 declararea greut\u0103\u021bii aproximative (+\/- 3 kg) pentru a permite personalului Yachting Club Tarni\u021ba SRL s\u0103 recomande sau confirme adecvarea unei anumite ambarca\u021biuni sau echipament.<\/li><\/ul><ul><li>Declar c\u0103 datele mele \u0219i, dac\u0103 este cazul, ale minorilor afla\u021bi sub supravegherea mea indicate \u00een prezentul formular, sunt corecte.<\/li><li><strong>Not\u0103: <\/strong>\u00cen cazul utilizatorului minor sub 14 ani, prezenta declara\u021bie va fi semnat\u0103 de c\u0103tre p\u0103rinte \/ adultul care r\u0103spunde legal de minor iar accesul \u00een baz\u0103 va fi permis numai \u00een prezen\u021ba p\u0103rintelui \/ adultului care r\u0103spunde legal de minor. \u00cen cazul utilizatorului minor \u00eentre 14-18 ani, prezenta declara\u021bie va fi semnat\u0103 at\u00e2t de p\u0103rinte \/ adultul care r\u0103spunde legal de minor c\u00e2t \u0219i de minor. Prin semnarea prezentei declara\u021bii, p\u0103rintele \/ adultul care r\u0103spunde legal de minor \u00ee\u0219i d\u0103 acordul expres pentru folosirea ambarca\u021biunii de c\u0103tre minor \u0219i \u00ee\u0219i asum\u0103, pentru sau al\u0103turi de minor, dup\u0103 caz, toate obliga\u021biile stipulate de prezenta declara\u021bie \u00een sarcina utilizatorilor.<\/li><\/ul><\/li><\/ul>\n\n\n\n<ul class=\"wp-block-list\"><li>Greutate: _____________ Data: ________________ Semn\u0103tura: _________________<\/li><\/ul>\n\n\n\n<p><\/p>\n\n\n\n<ul class=\"wp-block-list\"><li><strong><em>Minori sub supraveghere <\/em><\/strong><em>(dac\u0103 este cazul)<\/em><\/li><li>Nume de familie \u0219i prenume: ____________________<\/li><li>CNP:_________________<\/li><li>Greutate: _____________<\/li><li>Semn\u0103tura (dac\u0103 are peste 14 ani): _________________<\/li><\/ul>\n\n\n\n<ul class=\"wp-block-list\"><li>Nume de familie \u0219i prenume: ____________________<\/li><li>CNP:_________________<\/li><li>Greutate: _____________<\/li><li>Semn\u0103tura (dac\u0103 are peste 14 ani): _________________<\/li><\/ul>\n\n\n\n<ul class=\"wp-block-list\"><li>Nume de familie \u0219i prenume: ____________________<\/li><li>CNP:_________________<\/li><li>Greutate: _____________<\/li><li>Semn\u0103tura (dac\u0103 are peste 14 ani): _________________<\/li><\/ul>\n","protected":false},"excerpt":{"rendered":"<p>Condi\u021bii generale de contractare a serviciilor Oferta curent\u0103 (pre\u021buri \u0219i disponibilit\u0103\u021bi) este cea prezentat\u0103 pe site-ul www.tarnita.ro,&nbsp; cu detalii \u0219i prezent\u0103ri pe platformele de socializare: https:\/\/www.facebook.com\/yachtingclubtarnita&nbsp; https:\/\/www.instagram.com\/yachtingclubtarnita\/ Locul prest\u0103rii serviciilor este Yachting Club Tarnita, Plaja 1, Lacul Tarni\u021ba, 407310, Romania\u2013 &hellip; <a href=\"https:\/\/tarnita.ro\/wordpress\/conditii-generale-de-contractare-a-serviciilor\/\">Continue reading <span class=\"meta-nav\">&rarr;<\/span><\/a><\/p>\n","protected":false},"author":1,"featured_media":0,"parent":0,"menu_order":0,"comment_status":"closed","ping_status":"closed","template":"","meta":{"footnotes":""},"class_list":["post-238","page","type-page","status-publish","hentry"],"_links":{"self":[{"href":"https:\/\/tarnita.ro\/wordpress\/wp-json\/wp\/v2\/pages\/238","targetHints":{"allow":["GET"]}}],"collection":[{"href":"https:\/\/tarnita.ro\/wordpress\/wp-json\/wp\/v2\/pages"}],"about":[{"href":"https:\/\/tarnita.ro\/wordpress\/wp-json\/wp\/v2\/types\/page"}],"author":[{"embeddable":true,"href":"https:\/\/tarnita.ro\/wordpress\/wp-json\/wp\/v2\/users\/1"}],"replies":[{"embeddable":true,"href":"https:\/\/tarnita.ro\/wordpress\/wp-json\/wp\/v2\/comments?post=238"}],"version-history":[{"count":4,"href":"https:\/\/tarnita.ro\/wordpress\/wp-json\/wp\/v2\/pages\/238\/revisions"}],"predecessor-version":[{"id":270,"href":"https:\/\/tarnita.ro\/wordpress\/wp-json\/wp\/v2\/pages\/238\/revisions\/270"}],"wp:attachment":[{"href":"https:\/\/tarnita.ro\/wordpress\/wp-json\/wp\/v2\/media?parent=238"}],"curies":[{"name":"wp","href":"https:\/\/api.w.org\/{rel}","templated":true}]}}