{"id":277,"date":"2022-10-13T17:08:39","date_gmt":"2022-10-13T14:08:39","guid":{"rendered":"https:\/\/tarnita.ro\/wordpress\/?page_id=277"},"modified":"2022-10-13T17:08:39","modified_gmt":"2022-10-13T14:08:39","slug":"evenimente","status":"publish","type":"page","link":"https:\/\/tarnita.ro\/wordpress\/evenimente\/","title":{"rendered":"Evenimente"},"content":{"rendered":"\n<p class=\"has-medium-font-size\"><strong>15.10.2022<\/strong> &#8211; <strong><strong>Caiac \u0219i drume\u021bie la Piatra lui Lucaci<\/strong><\/strong><\/p>\n\n\n\n<p>Sf\u00e2r\u0219itul sezonului se apropie la Yachting Club Tarni\u021ba \u0219i \u00eencerc\u0103m s\u0103 facem totul pentru a profita la maximum de ceea ce mai r\u0103m\u00e2ne.<br>S\u00e2mb\u0103t\u0103, 15.10. 2022, v\u0103 invitam al\u0103turi de noi cu mic si cu mare la o mini-excursie p\u00e2n\u0103 la Piatra lui Lucaci.<br>De\u0219i am fost acolo de mai multe ori, nu ne s\u0103tur\u0103m niciodat\u0103 de acest traseu.<br>Lu\u0103m caiacul \u0219i travers\u0103m lacul \u00een 10-15 min p\u00e2n\u0103 pe partea cealalt\u0103, un start excelent pentru a ne \u00eenc\u0103lzi! L\u0103s\u0103m caiacele la col\u021bul opus \u0219i \u00eencepem ascensiunea. \u00cen mijlocul p\u0103durii cu copaci \u00eenal\u021bi, urc\u0103m \u00eencet pe creast\u0103, povestind, glumind \u0219i bucur\u00e2ndu-ne de aerul curat. De fapt, abia a\u0219tept\u0103m s\u0103 ajungem \u00een v\u00e2rf pentru priveli\u0219te! \u00cen mai pu\u021bin de o or\u0103 suntem deja pe culme, admir\u00e2nd de sus frumuse\u021bea lacului Tarni\u021ba.<br>Ne relax\u0103m lini\u0219ti\u021bi p\u00e2n\u0103 sim\u021bim c\u0103 e timpul s\u0103 ne \u00eentoarcem! Pe drumul de \u00eentoarcere, \u00eencepe s\u0103 ni se fac\u0103 foame \u0219i nu ne putem opri s\u0103 ne g\u00e2ndim la ceea ce ne-a preg\u0103tit Diane. A\u0219adar, pofta de m\u00e2ncare ne d\u0103 puterea de a ne \u00eentoarce cu bun\u0103voin\u021b\u0103 \u0219i \u00eenc\u00e2nta\u021bi de experien\u021ba tr\u0103it\u0103.<br><strong>Pre\u021b: <\/strong>150 de lei \/ pers, 80 de lei \/ copil (7-12 ani)<br>Pre\u021bul include:<br>&#8211; Plimbare cu caiacul p\u00e2n\u0103 la col\u021bul de pe malul opus dus-\u00eentors + echipamentul necesar (vesta de salvare, caiac, padela)<br>&#8211; Turul ghidat p\u00e2n\u0103 la Piatra lui Lucaci<br>&#8211; Gustare pe drume\u021bie<br>&#8211; Pr\u00e2nz servit la \u00eentoarcere<br>&#8211; o or\u0103 suplimentar\u0103 pentru plimbare individual\u0103 cu caiacul<br><strong>Program orientativ<\/strong><br>10:30 \u00cent\u00e2lnire la Yachting Club Tarnita<br>10:45 Prezentarea participan\u021bilor, instruc\u021biunii \u00een utilizarea caiacelor<br>11:00 Pornirea \u00een excursie<br>13:30 &#8211; 14:00 Sosirea \u00eenapoi la YCT<br>14:30 &#8211; 15:00 Servirea pr\u00e2nzului<br><strong>Detalii<\/strong><br>Informa\u021bii Traseu<br>Lungimea traseului este de aproximativ 4 km (dus &#8211; \u00eentors)<br>Diferen\u021ba de nivel: 320 m<br>Durata aproximativa: 2-3 ore<br>Dificultate traseu: Intermediar (\u00cen func\u021bie de condi\u021bia fizic\u0103, experien\u021b\u0103 \u0219i echipament, traseul poate fi mai u\u0219or pentru unii \u0219i mai greu pentru al\u021bii)\uf0d8 Cine poate participa<br>Traseul se adreseaz\u0103 tuturor persoanelor care au condi\u021bie fizic\u0103 bun\u0103, echipament adecvat mersului \u00een drume\u021bie.<br><strong>Transport<\/strong><br>Se va ajunge la YCT cu ma\u0219ina particular\u0103<br><strong>Locuri disponibile: 30<\/strong><br><strong>Echipament recomandat<\/strong><br>Bocanci sau ghete pentru drume\u021bie<br>Pantaloni pentru drume\u021bie<br>Tricou pentru drume\u021bie<br>Polar<br>Pelerin\u0103 de ploaie<br>Windstopper (material recomandat \u2013 softshell)<br>Recipient cu ap\u0103<br>Ghiozdan \/ Rucsac<br>C\u0103ciul\u0103<br><strong>\u00censcrieri<\/strong><br>Te rug\u0103m s\u0103 accesezi link-ul \u0219i s\u0103 completezi formularul de \u00eenscriere aici: <a rel=\"noreferrer noopener\" href=\"https:\/\/forms.gle\/aJEK14Wb2BSFA9af9\" target=\"_blank\">https:\/\/forms.gle\/aJEK14Wb2BSFA9af9<\/a><br>Odat\u0103 ce ai completat formularul de \u00eenscriere, te vom contacta telefonic \u00een urm\u0103toarele zile pentru mai multe informa\u021bii<\/p>\n\n\n\n<figure class=\"wp-block-embed is-type-video is-provider-youtube wp-block-embed-youtube wp-embed-aspect-16-9 wp-has-aspect-ratio\"><div class=\"wp-block-embed__wrapper\">\n<iframe loading=\"lazy\" title=\"Yachting Club Tarnita - Prima excursie organizat\u0103 la Piatra lui Lucaci #tarnita #visitcluj\" width=\"584\" height=\"329\" src=\"https:\/\/www.youtube.com\/embed\/5PQqQyxuatg?feature=oembed\" frameborder=\"0\" allow=\"accelerometer; autoplay; clipboard-write; encrypted-media; gyroscope; picture-in-picture; web-share\" referrerpolicy=\"strict-origin-when-cross-origin\" allowfullscreen><\/iframe>\n<\/div><\/figure>\n\n\n\n<p class=\"has-medium-font-size\"><strong>16.10.2022<\/strong> &#8211; <strong>Caiac pe lacul Tarni\u021ba, bra\u021bul R\u00e2\u0219ca<\/strong><\/p>\n\n\n\n<p>Pentru noi, unul dintre cele mai frumoase col\u021buri din Tarni\u021ba este bra\u021bul R\u00e2\u0219ca. Este \u00eenconjurat exclusiv de p\u0103dure, iar aceast\u0103 perioad\u0103 a anului \u00eel face s\u0103 fie spectaculos. Duminic\u0103, 16.10.2022 ne vom bucura de culorile toamnei pe lac \u00een mijlocul naturii. Este o activitate mi\u0219to \u0219i poate fi o aventur\u0103 pentru unii.Fie c\u0103 vi cu familia sau cu prietenii, ne \u00eent\u00e2lnim duminica aceasta la Yachting Club Tarni\u021ba pentru a ne bucura \u00eempreun\u0103 de natur\u0103.<br><strong>Informa\u021bii<\/strong><br>Avem la dispozi\u021bie caiace sit in (individual si tandem)<br>Fiecare participant \u00ee\u0219i alege cu ce vrea s\u0103 se plimbe pe lac.<br><strong>Pre\u021b: <\/strong>150 de lei \/ pers, 100 de lei \/ copil p\u00e2n\u0103 12 ani<br>Pre\u021bul include :<br>&#8211; Plimbare cu caiacul dus &#8211; \u00eentors + echipament necesar (vesta de salvare, caiac, padela)<br>&#8211; Gustare<br>&#8211; Pr\u00e2nz servit la \u00eentoarcere<br><strong>Program orientativ<\/strong><br>10:30 \u00cent\u00e2lnire la Yachting Club Tarnita<br>10:45 prezentarea participan\u021bilor, instruc\u021biuni \u00een utilizarea caiacelor<br>11:00 pornirea \u00een excursie<br>14:00 &#8211; 14:30 : sosirea \u00eenapoi la YCT<br>14:30 &#8211; 15:00 : servirea pr\u00e2nzului<br><strong>Detalii<br><\/strong>Informa\u021bii despre traseu<br>Lungimea traseului: aproximativ 7 km (dus-intors)<br>Durata aproximativ\u0103 : 2h:30 &#8211; 3h<br>Dificultate traseu : intermediar (\u00cen func\u021bie de condi\u021bia fizic\u0103 \u0219i experien\u021b\u0103, excursia poate fi mai u\u0219oar\u0103 pentru unii \u0219i mai grea pentru al\u021bii)Cine poate participaActivitatea se adreseaz\u0103 tuturor persoanelor care au condi\u021bie fizica normala!<br>Plimbarea cu caiacul nu necesit\u0103 o experien\u021b\u0103 anterioar\u0103!<br><strong>Transport<\/strong><br>Se va ajunge la Yachting Club Tarnita cu ma\u0219inile particulare.<br>Locuri de parcare la Yachting Club Tarnita sunt disponibile!<br><strong>Locuri disponibile: 30<\/strong><br><strong>Echipament recomandat<\/strong><br>1.Bocanci<br>2.Pantaloni outdoor<br>3.Tricou outdoor<br>4.Polar<br>5.Pelerin\u0103 de ploaie<br>6.Geac\u0103 windstopper (material recomandat &#8211; softshell)<br>7.Recipient cu ap\u0103<br>8.C\u0103ciul\u0103 + m\u0103nu\u0219i<br><strong>\u00censcrieri<\/strong><br>Te rug\u0103m s\u0103 accesezi link-ul \u0219i s\u0103 completezi formularul de \u00eenscriere aici: <a href=\"http:\/\/forms.gle\/KfCZHbmDNcDG6yt59\" data-type=\"URL\" data-id=\"forms.gle\/KfCZHbmDNcDG6yt59\" target=\"_blank\" rel=\"noreferrer noopener\">forms.gle\/KfCZHbmDNcDG6yt59 <\/a><br>Odat\u0103 ce ai completat formularul de \u00eenscriere, te vom contacta telefonic \u00een urm\u0103toarele zile pentru mai multe informa\u021bii.<\/p>\n\n\n\n<figure class=\"wp-block-embed is-type-video is-provider-youtube wp-block-embed-youtube wp-embed-aspect-16-9 wp-has-aspect-ratio\"><div class=\"wp-block-embed__wrapper\">\n<iframe loading=\"lazy\" title=\"Excursie cu caiacul pe lacul Tarni\u021ba cu familia si prietenii\" width=\"584\" height=\"329\" src=\"https:\/\/www.youtube.com\/embed\/W8WHGBkfLr4?feature=oembed\" frameborder=\"0\" allow=\"accelerometer; autoplay; clipboard-write; encrypted-media; gyroscope; picture-in-picture; web-share\" referrerpolicy=\"strict-origin-when-cross-origin\" allowfullscreen><\/iframe>\n<\/div><\/figure>\n","protected":false},"excerpt":{"rendered":"<p>15.10.2022 &#8211; Caiac \u0219i drume\u021bie la Piatra lui Lucaci Sf\u00e2r\u0219itul sezonului se apropie la Yachting Club Tarni\u021ba \u0219i \u00eencerc\u0103m s\u0103 facem totul pentru a profita la maximum de ceea ce mai r\u0103m\u00e2ne.S\u00e2mb\u0103t\u0103, 15.10. 2022, v\u0103 invitam al\u0103turi de noi cu &hellip; <a href=\"https:\/\/tarnita.ro\/wordpress\/evenimente\/\">Continue reading <span class=\"meta-nav\">&rarr;<\/span><\/a><\/p>\n","protected":false},"author":1,"featured_media":0,"parent":0,"menu_order":0,"comment_status":"closed","ping_status":"closed","template":"","meta":{"footnotes":""},"class_list":["post-277","page","type-page","status-publish","hentry"],"_links":{"self":[{"href":"https:\/\/tarnita.ro\/wordpress\/wp-json\/wp\/v2\/pages\/277","targetHints":{"allow":["GET"]}}],"collection":[{"href":"https:\/\/tarnita.ro\/wordpress\/wp-json\/wp\/v2\/pages"}],"about":[{"href":"https:\/\/tarnita.ro\/wordpress\/wp-json\/wp\/v2\/types\/page"}],"author":[{"embeddable":true,"href":"https:\/\/tarnita.ro\/wordpress\/wp-json\/wp\/v2\/users\/1"}],"replies":[{"embeddable":true,"href":"https:\/\/tarnita.ro\/wordpress\/wp-json\/wp\/v2\/comments?post=277"}],"version-history":[{"count":1,"href":"https:\/\/tarnita.ro\/wordpress\/wp-json\/wp\/v2\/pages\/277\/revisions"}],"predecessor-version":[{"id":278,"href":"https:\/\/tarnita.ro\/wordpress\/wp-json\/wp\/v2\/pages\/277\/revisions\/278"}],"wp:attachment":[{"href":"https:\/\/tarnita.ro\/wordpress\/wp-json\/wp\/v2\/media?parent=277"}],"curies":[{"name":"wp","href":"https:\/\/api.w.org\/{rel}","templated":true}]}}