{"id":45,"date":"2020-07-17T22:28:47","date_gmt":"2020-07-17T19:28:47","guid":{"rendered":"http:\/\/tarnita.ro\/wordpress\/?page_id=45"},"modified":"2025-05-26T22:03:41","modified_gmt":"2025-05-26T19:03:41","slug":"about","status":"publish","type":"page","link":"https:\/\/tarnita.ro\/wordpress\/about\/","title":{"rendered":"Yachting Club Tarnita \u0219i familia Roman"},"content":{"rendered":"\n<p>Bine a\u021bi venit la Yachting Club Tarnita, prima \u0219i cea mai important\u0103 baz\u0103 de sporturi nautice de la lacul Tarni\u021ba. <\/p>\n\n\n\n<p>Suntem o familie multicultural\u0103, cu dou\u0103 fete \u0219i doi b\u0103ie\u021bei pe care tare mult \u00eei iubim \u0219i pe care \u00eencerc\u0103m s\u0103 \u00eei cre\u0219tem \u00een spiritul respectului \u0219i dragostei pentru oameni, natur\u0103 \u0219i mi\u0219care. Ne plac lini\u0219tea din natur\u0103, m\u00e2ncarea bun\u0103 \u0219i sporturile outdoor pe uscat, pe z\u0103pad\u0103 \u0219i pe ap\u0103. Yachting Club Tarni\u021ba este o ini\u021biativ\u0103 familial\u0103 prin care dorim s\u0103 punem oamenilor care g\u00e2ndesc ca noi la dispozi\u021bie acest spa\u021biu pentru a fi cu familia \u0219i prietenii, pentru a practica sporturi nautice. Ini\u021biem copiii mici pe velierele Optimist \u0219i adul\u021bii pe iolele Laser, Trainer \u0219i Jeton.<\/p>\n\n\n\n<p>Deasemenea v\u0103 oferim spre \u00eenchiriere peste 50 de caiace si 31 de stand up paddleuri.<\/p>\n\n\n\n<figure class=\"wp-block-image size-large\"><img loading=\"lazy\" decoding=\"async\" width=\"1000\" height=\"572\" src=\"https:\/\/tarnita.ro\/wordpress\/wp-content\/uploads\/2020\/07\/familiaroman.jpg\" alt=\"\" class=\"wp-image-96\" srcset=\"https:\/\/tarnita.ro\/wordpress\/wp-content\/uploads\/2020\/07\/familiaroman.jpg 1000w, https:\/\/tarnita.ro\/wordpress\/wp-content\/uploads\/2020\/07\/familiaroman-300x172.jpg 300w, https:\/\/tarnita.ro\/wordpress\/wp-content\/uploads\/2020\/07\/familiaroman-768x439.jpg 768w, https:\/\/tarnita.ro\/wordpress\/wp-content\/uploads\/2020\/07\/familiaroman-500x286.jpg 500w\" sizes=\"auto, (max-width: 1000px) 100vw, 1000px\" \/><\/figure>\n","protected":false},"excerpt":{"rendered":"<p>Bine a\u021bi venit la Yachting Club Tarnita, prima \u0219i cea mai important\u0103 baz\u0103 de sporturi nautice de la lacul Tarni\u021ba. Suntem o familie multicultural\u0103, cu dou\u0103 fete \u0219i doi b\u0103ie\u021bei pe care tare mult \u00eei iubim \u0219i pe care \u00eencerc\u0103m &hellip; <a href=\"https:\/\/tarnita.ro\/wordpress\/about\/\">Continue reading <span class=\"meta-nav\">&rarr;<\/span><\/a><\/p>\n","protected":false},"author":1,"featured_media":0,"parent":0,"menu_order":0,"comment_status":"closed","ping_status":"closed","template":"","meta":{"footnotes":""},"class_list":["post-45","page","type-page","status-publish","hentry"],"_links":{"self":[{"href":"https:\/\/tarnita.ro\/wordpress\/wp-json\/wp\/v2\/pages\/45","targetHints":{"allow":["GET"]}}],"collection":[{"href":"https:\/\/tarnita.ro\/wordpress\/wp-json\/wp\/v2\/pages"}],"about":[{"href":"https:\/\/tarnita.ro\/wordpress\/wp-json\/wp\/v2\/types\/page"}],"author":[{"embeddable":true,"href":"https:\/\/tarnita.ro\/wordpress\/wp-json\/wp\/v2\/users\/1"}],"replies":[{"embeddable":true,"href":"https:\/\/tarnita.ro\/wordpress\/wp-json\/wp\/v2\/comments?post=45"}],"version-history":[{"count":8,"href":"https:\/\/tarnita.ro\/wordpress\/wp-json\/wp\/v2\/pages\/45\/revisions"}],"predecessor-version":[{"id":401,"href":"https:\/\/tarnita.ro\/wordpress\/wp-json\/wp\/v2\/pages\/45\/revisions\/401"}],"wp:attachment":[{"href":"https:\/\/tarnita.ro\/wordpress\/wp-json\/wp\/v2\/media?parent=45"}],"curies":[{"name":"wp","href":"https:\/\/api.w.org\/{rel}","templated":true}]}}