{"id":76,"date":"2020-07-17T22:49:06","date_gmt":"2020-07-17T19:49:06","guid":{"rendered":"http:\/\/tarnita.ro\/wordpress\/?page_id=76"},"modified":"2024-04-03T17:38:54","modified_gmt":"2024-04-03T14:38:54","slug":"yachting","status":"publish","type":"page","link":"https:\/\/tarnita.ro\/wordpress\/yachting\/","title":{"rendered":"Yachting"},"content":{"rendered":"\n<p>Pentru iubitorii ambarca\u021biunilor cu vele, Yachting Club Tarnita v\u0103 ofer\u0103 mai multe tipuri de iole pentru a descoperi \u00een toat\u0103 lini\u0219tea lacul Tarni\u021ba.<\/p>\n\n\n\n<div class=\"wp-block-group\"><div class=\"wp-block-group__inner-container is-layout-flow wp-block-group-is-layout-flow\">\n<p class=\"has-medium-font-size\"><strong>Optimist<\/strong> <strong>&#8211; 50 lei \/ or\u0103<\/strong><\/p>\n<\/div><\/div>\n\n\n\n<div class=\"wp-block-media-text alignwide has-media-on-the-right is-stacked-on-mobile is-vertically-aligned-center\" style=\"grid-template-columns:auto 27%\"><div class=\"wp-block-media-text__content\">\n<p>Optimistul este un velier pentru o persoan\u0103, mic \u0219i u\u0219or, cu o singur\u0103 vel\u0103 si este destinat copiiilor p\u00e2n\u0103 la v\u00e2rsta de 15 ani. Fetele noastre Jessica si Vanessa ofer\u0103 cursuri de ini\u021biere pe aceste iole.<\/p>\n<\/div><figure class=\"wp-block-media-text__media\"><img loading=\"lazy\" decoding=\"async\" width=\"428\" height=\"596\" src=\"https:\/\/tarnita.ro\/wordpress\/wp-content\/uploads\/2020\/07\/OptimistYCT.jpg\" alt=\"\" class=\"wp-image-150 size-full\" srcset=\"https:\/\/tarnita.ro\/wordpress\/wp-content\/uploads\/2020\/07\/OptimistYCT.jpg 428w, https:\/\/tarnita.ro\/wordpress\/wp-content\/uploads\/2020\/07\/OptimistYCT-215x300.jpg 215w\" sizes=\"auto, (max-width: 428px) 100vw, 428px\" \/><\/figure><\/div>\n\n\n\n<figure class=\"wp-block-image size-large\"><img loading=\"lazy\" decoding=\"async\" width=\"1000\" height=\"668\" src=\"https:\/\/tarnita.ro\/wordpress\/wp-content\/uploads\/2020\/07\/Jessiopti.jpg\" alt=\"\" class=\"wp-image-148\" srcset=\"https:\/\/tarnita.ro\/wordpress\/wp-content\/uploads\/2020\/07\/Jessiopti.jpg 1000w, https:\/\/tarnita.ro\/wordpress\/wp-content\/uploads\/2020\/07\/Jessiopti-300x200.jpg 300w, https:\/\/tarnita.ro\/wordpress\/wp-content\/uploads\/2020\/07\/Jessiopti-768x513.jpg 768w, https:\/\/tarnita.ro\/wordpress\/wp-content\/uploads\/2020\/07\/Jessiopti-449x300.jpg 449w\" sizes=\"auto, (max-width: 1000px) 100vw, 1000px\" \/><\/figure>\n\n\n\n<figure class=\"wp-block-image size-large\"><img loading=\"lazy\" decoding=\"async\" width=\"1000\" height=\"668\" src=\"https:\/\/tarnita.ro\/wordpress\/wp-content\/uploads\/2020\/07\/Vavajessiopti.jpg\" alt=\"\" class=\"wp-image-149\" srcset=\"https:\/\/tarnita.ro\/wordpress\/wp-content\/uploads\/2020\/07\/Vavajessiopti.jpg 1000w, https:\/\/tarnita.ro\/wordpress\/wp-content\/uploads\/2020\/07\/Vavajessiopti-300x200.jpg 300w, https:\/\/tarnita.ro\/wordpress\/wp-content\/uploads\/2020\/07\/Vavajessiopti-768x513.jpg 768w, https:\/\/tarnita.ro\/wordpress\/wp-content\/uploads\/2020\/07\/Vavajessiopti-449x300.jpg 449w\" sizes=\"auto, (max-width: 1000px) 100vw, 1000px\" \/><\/figure>\n\n\n\n<p class=\"has-medium-font-size\"><strong>Laser<\/strong> <strong>&#8211; <strong>60 lei \/ or\u0103<\/strong><\/strong><\/p>\n\n\n\n<div class=\"wp-block-media-text alignwide has-media-on-the-right is-stacked-on-mobile is-vertically-aligned-center\" style=\"grid-template-columns:auto 27%\"><div class=\"wp-block-media-text__content\">\n<p>Laserul este deja o iol\u0103 mai mare, tot pentru o persoan\u0103 dar la care se pot pune vele de diferite dimensiuni. Este o iol\u0103 agil\u0103, r\u0103spunde foarte rapid la comenzi \u0219i brize moderate este foarte fain\u0103 navigarea.<\/p>\n<\/div><figure class=\"wp-block-media-text__media\"><img loading=\"lazy\" decoding=\"async\" width=\"640\" height=\"939\" src=\"https:\/\/tarnita.ro\/wordpress\/wp-content\/uploads\/2020\/07\/LaserYCT.jpg\" alt=\"\" class=\"wp-image-153 size-full\" srcset=\"https:\/\/tarnita.ro\/wordpress\/wp-content\/uploads\/2020\/07\/LaserYCT.jpg 640w, https:\/\/tarnita.ro\/wordpress\/wp-content\/uploads\/2020\/07\/LaserYCT-204x300.jpg 204w\" sizes=\"auto, (max-width: 640px) 100vw, 640px\" \/><\/figure><\/div>\n\n\n\n<figure class=\"wp-block-image size-large\"><img loading=\"lazy\" decoding=\"async\" width=\"737\" height=\"591\" src=\"https:\/\/tarnita.ro\/wordpress\/wp-content\/uploads\/2020\/07\/laser.jpg\" alt=\"\" class=\"wp-image-154\" srcset=\"https:\/\/tarnita.ro\/wordpress\/wp-content\/uploads\/2020\/07\/laser.jpg 737w, https:\/\/tarnita.ro\/wordpress\/wp-content\/uploads\/2020\/07\/laser-300x241.jpg 300w, https:\/\/tarnita.ro\/wordpress\/wp-content\/uploads\/2020\/07\/laser-374x300.jpg 374w\" sizes=\"auto, (max-width: 737px) 100vw, 737px\" \/><\/figure>\n\n\n\n<figure class=\"wp-block-image size-large\"><img loading=\"lazy\" decoding=\"async\" width=\"1000\" height=\"586\" src=\"https:\/\/tarnita.ro\/wordpress\/wp-content\/uploads\/2020\/07\/laser1.jpg\" alt=\"\" class=\"wp-image-155\" srcset=\"https:\/\/tarnita.ro\/wordpress\/wp-content\/uploads\/2020\/07\/laser1.jpg 1000w, https:\/\/tarnita.ro\/wordpress\/wp-content\/uploads\/2020\/07\/laser1-300x176.jpg 300w, https:\/\/tarnita.ro\/wordpress\/wp-content\/uploads\/2020\/07\/laser1-768x450.jpg 768w, https:\/\/tarnita.ro\/wordpress\/wp-content\/uploads\/2020\/07\/laser1-500x293.jpg 500w\" sizes=\"auto, (max-width: 1000px) 100vw, 1000px\" \/><\/figure>\n\n\n\n<p class=\"has-medium-font-size\"><strong>Klepper Trainer<\/strong> <strong>&#8211; <strong>75 lei \/ or\u0103<\/strong><\/strong><\/p>\n\n\n\n<div class=\"wp-block-media-text alignwide has-media-on-the-right is-stacked-on-mobile is-vertically-aligned-center\" style=\"grid-template-columns:auto 27%\"><div class=\"wp-block-media-text__content\">\n<p>Trainerul poate fi navigat de una sau dou\u0103 persoane. Are o vel\u0103 principal\u0103 \u0219i un fock. Este o barc\u0103 ideal\u0103 pentru lacuri.<\/p>\n<\/div><figure class=\"wp-block-media-text__media\"><img loading=\"lazy\" decoding=\"async\" width=\"221\" height=\"299\" src=\"https:\/\/tarnita.ro\/wordpress\/wp-content\/uploads\/2020\/07\/TrainerYCT.jpg\" alt=\"\" class=\"wp-image-156 size-full\"\/><\/figure><\/div>\n\n\n\n<figure class=\"wp-block-image size-large\"><img loading=\"lazy\" decoding=\"async\" width=\"741\" height=\"586\" src=\"https:\/\/tarnita.ro\/wordpress\/wp-content\/uploads\/2020\/07\/trainer.jpg\" alt=\"\" class=\"wp-image-157\" srcset=\"https:\/\/tarnita.ro\/wordpress\/wp-content\/uploads\/2020\/07\/trainer.jpg 741w, https:\/\/tarnita.ro\/wordpress\/wp-content\/uploads\/2020\/07\/trainer-300x237.jpg 300w, https:\/\/tarnita.ro\/wordpress\/wp-content\/uploads\/2020\/07\/trainer-379x300.jpg 379w\" sizes=\"auto, (max-width: 741px) 100vw, 741px\" \/><\/figure>\n\n\n\n<figure class=\"wp-block-image size-large\"><img loading=\"lazy\" decoding=\"async\" width=\"741\" height=\"586\" src=\"https:\/\/tarnita.ro\/wordpress\/wp-content\/uploads\/2020\/07\/trainer2.jpg\" alt=\"\" class=\"wp-image-158\" srcset=\"https:\/\/tarnita.ro\/wordpress\/wp-content\/uploads\/2020\/07\/trainer2.jpg 741w, https:\/\/tarnita.ro\/wordpress\/wp-content\/uploads\/2020\/07\/trainer2-300x237.jpg 300w, https:\/\/tarnita.ro\/wordpress\/wp-content\/uploads\/2020\/07\/trainer2-379x300.jpg 379w\" sizes=\"auto, (max-width: 741px) 100vw, 741px\" \/><\/figure>\n","protected":false},"excerpt":{"rendered":"<p>Pentru iubitorii ambarca\u021biunilor cu vele, Yachting Club Tarnita v\u0103 ofer\u0103 mai multe tipuri de iole pentru a descoperi \u00een toat\u0103 lini\u0219tea lacul Tarni\u021ba. Optimist &#8211; 50 lei \/ or\u0103 Optimistul este un velier pentru o persoan\u0103, mic \u0219i u\u0219or, cu &hellip; <a href=\"https:\/\/tarnita.ro\/wordpress\/yachting\/\">Continue reading <span class=\"meta-nav\">&rarr;<\/span><\/a><\/p>\n","protected":false},"author":1,"featured_media":0,"parent":0,"menu_order":0,"comment_status":"closed","ping_status":"closed","template":"","meta":{"footnotes":""},"class_list":["post-76","page","type-page","status-publish","hentry"],"_links":{"self":[{"href":"https:\/\/tarnita.ro\/wordpress\/wp-json\/wp\/v2\/pages\/76","targetHints":{"allow":["GET"]}}],"collection":[{"href":"https:\/\/tarnita.ro\/wordpress\/wp-json\/wp\/v2\/pages"}],"about":[{"href":"https:\/\/tarnita.ro\/wordpress\/wp-json\/wp\/v2\/types\/page"}],"author":[{"embeddable":true,"href":"https:\/\/tarnita.ro\/wordpress\/wp-json\/wp\/v2\/users\/1"}],"replies":[{"embeddable":true,"href":"https:\/\/tarnita.ro\/wordpress\/wp-json\/wp\/v2\/comments?post=76"}],"version-history":[{"count":5,"href":"https:\/\/tarnita.ro\/wordpress\/wp-json\/wp\/v2\/pages\/76\/revisions"}],"predecessor-version":[{"id":369,"href":"https:\/\/tarnita.ro\/wordpress\/wp-json\/wp\/v2\/pages\/76\/revisions\/369"}],"wp:attachment":[{"href":"https:\/\/tarnita.ro\/wordpress\/wp-json\/wp\/v2\/media?parent=76"}],"curies":[{"name":"wp","href":"https:\/\/api.w.org\/{rel}","templated":true}]}}